{"id":3772,"date":"2018-10-25T06:59:30","date_gmt":"2018-10-25T06:59:30","guid":{"rendered":"https:\/\/www.casasmart.es\/multimedia-2\/"},"modified":"2024-02-26T09:32:15","modified_gmt":"2024-02-26T09:32:15","slug":"multimedia-2","status":"publish","type":"page","link":"https:\/\/www.casasmart.es\/en\/multimedia-2\/","title":{"rendered":"Multimedia"},"content":{"rendered":"\n<style type=\"text\/css\" data-created_by=\"avia_inline_auto\" id=\"style-css-av-bo464-d90b755adc143cbebc31606767d0d204\">\n#top .av-special-heading.av-bo464-d90b755adc143cbebc31606767d0d204{\npadding-bottom:10px;\n}\nbody .av-special-heading.av-bo464-d90b755adc143cbebc31606767d0d204 .av-special-heading-tag .heading-char{\nfont-size:25px;\n}\n.av-special-heading.av-bo464-d90b755adc143cbebc31606767d0d204 .av-subheading{\nfont-size:15px;\n}\n<\/style>\n<div  class='av-special-heading av-bo464-d90b755adc143cbebc31606767d0d204 av-special-heading-h1 blockquote modern-quote modern-centered  avia-builder-el-0  el_before_av_hr  avia-builder-el-first  av-thin-font'><h1 class='av-special-heading-tag'  itemprop=\"headline\"  ><span style=\"font-size:50px; line-height: 65px; font-weight:900;\"><strong>Smart House<br \/>&#8211; Multimedia &#8211;<\/strong><\/span> <\/h1><div class=\"special-heading-border\"><div class=\"special-heading-inner-border\"><\/div><\/div><\/div>\n\n<style type=\"text\/css\" data-created_by=\"avia_inline_auto\" id=\"style-css-av-jnzvp0jl-5447e421e8a7e3cfecf87198ff5b6290\">\n#top .hr.hr-invisible.av-jnzvp0jl-5447e421e8a7e3cfecf87198ff5b6290{\nheight:50px;\n}\n<\/style>\n<div  class='hr av-jnzvp0jl-5447e421e8a7e3cfecf87198ff5b6290 hr-invisible  avia-builder-el-1  el_after_av_heading  el_before_av_one_fourth '><span class='hr-inner '><span class=\"hr-inner-style\"><\/span><\/span><\/div>\n\n<style type=\"text\/css\" data-created_by=\"avia_inline_auto\" id=\"style-css-av-g65i4-3296ad500c6ceaa32786c0c95616a6c0\">\n.flex_column.av-g65i4-3296ad500c6ceaa32786c0c95616a6c0{\n-webkit-border-radius:0px 0px 0px 0px;\n-moz-border-radius:0px 0px 0px 0px;\nborder-radius:0px 0px 0px 0px;\npadding:0px 0px 0px 0px;\n}\n<\/style>\n<div class='flex_column av-g65i4-3296ad500c6ceaa32786c0c95616a6c0 av_one_fourth  avia-builder-el-2  el_after_av_hr  el_before_av_one_fourth  first flex_column_div av-zero-column-padding '     ><p>\n<style type=\"text\/css\" data-created_by=\"avia_inline_auto\" id=\"style-css-av-jo5zyqhp-54fd84501db8589501e72d7a4aa17eb4\">\n.avia-video.av-jo5zyqhp-54fd84501db8589501e72d7a4aa17eb4{\nbackground-image:url(https:\/\/www.casasmart.es\/wp-content\/uploads\/domotica-control-con-movil-300x150.png);\n}\n<\/style>\n<div  class='avia-video av-jo5zyqhp-54fd84501db8589501e72d7a4aa17eb4 avia-video-16-9 av-preview-image avia-video-load-always av-lazyload-immediate av-lazyload-video-embed'  itemprop=\"video\" itemtype=\"https:\/\/schema.org\/VideoObject\"  data-original_url='https:\/\/www.youtube.com\/watch?v=jDcYOslpyoA&t='><script type='text\/html' class='av-video-tmpl'><div class='avia-iframe-wrap'><iframe loading=\"lazy\" title=\"CASA SMART  casa inteligente en Espa\u00f1a con Google Home, Alexa y Siri. Dom\u00f3tica barata inal\u00e1mbrica\" width=\"1500\" height=\"844\" src=\"https:\/\/www.youtube.com\/embed\/jDcYOslpyoA?feature=oembed&autoplay=0&loop=0&controls=1&mute=0\" frameborder=\"0\" allow=\"accelerometer; autoplay; clipboard-write; encrypted-media; gyroscope; picture-in-picture; web-share\" allowfullscreen><\/iframe><\/div><\/script><div class='av-click-to-play-overlay'><div class=\"avia_playpause_icon\"><\/div><\/div><\/div><br \/>\n\n<style type=\"text\/css\" data-created_by=\"avia_inline_auto\" id=\"style-css-av-kkmij2qq-7378f07510ac5cada5667d8760322b9d\">\n#top .av-special-heading.av-kkmij2qq-7378f07510ac5cada5667d8760322b9d{\npadding-bottom:10px;\nfont-size:30px;\n}\nbody .av-special-heading.av-kkmij2qq-7378f07510ac5cada5667d8760322b9d .av-special-heading-tag .heading-char{\nfont-size:25px;\n}\n#top #wrap_all .av-special-heading.av-kkmij2qq-7378f07510ac5cada5667d8760322b9d .av-special-heading-tag{\nfont-size:30px;\n}\n.av-special-heading.av-kkmij2qq-7378f07510ac5cada5667d8760322b9d .av-subheading{\nfont-size:15px;\n}\n\n@media only screen and (min-width: 480px) and (max-width: 767px){ \n#top #wrap_all .av-special-heading.av-kkmij2qq-7378f07510ac5cada5667d8760322b9d .av-special-heading-tag{\nfont-size:0.8em;\n}\n}\n\n@media only screen and (max-width: 479px){ \n#top #wrap_all .av-special-heading.av-kkmij2qq-7378f07510ac5cada5667d8760322b9d .av-special-heading-tag{\nfont-size:0.8em;\n}\n}\n<\/style>\n<div  class='av-special-heading av-kkmij2qq-7378f07510ac5cada5667d8760322b9d av-special-heading-h3 blockquote modern-quote modern-centered  avia-builder-el-4  el_after_av_video  avia-builder-el-last  av-inherit-size'><h3 class='av-special-heading-tag'  itemprop=\"headline\"  >Benefits of a smart home<\/h3><div class=\"special-heading-border\"><div class=\"special-heading-inner-border\"><\/div><\/div><\/div><\/p><\/div>\n\n<style type=\"text\/css\" data-created_by=\"avia_inline_auto\" id=\"style-css-av-mqssk-1bba326bbfc345cc8b0c681b0dca5e8c\">\n.flex_column.av-mqssk-1bba326bbfc345cc8b0c681b0dca5e8c{\n-webkit-border-radius:0px 0px 0px 0px;\n-moz-border-radius:0px 0px 0px 0px;\nborder-radius:0px 0px 0px 0px;\npadding:0px 0px 0px 0px;\n}\n<\/style>\n<div class='flex_column av-mqssk-1bba326bbfc345cc8b0c681b0dca5e8c av_one_fourth  avia-builder-el-5  el_after_av_one_fourth  el_before_av_one_fourth  flex_column_div av-zero-column-padding '     ><p>\n<style type=\"text\/css\" data-created_by=\"avia_inline_auto\" id=\"style-css-av-jno8a20c-1ae27033b004cb2ecfb23a976d91b82e\">\n.avia-video.av-jno8a20c-1ae27033b004cb2ecfb23a976d91b82e{\nbackground-image:url(https:\/\/www.casasmart.es\/wp-content\/uploads\/2018\/10\/entrevista-andalucia-directo-casasmart2.png);\n}\n<\/style>\n<div  class='avia-video av-jno8a20c-1ae27033b004cb2ecfb23a976d91b82e avia-video-16-9 av-preview-image avia-video-load-always av-lazyload-immediate av-lazyload-video-embed'  itemprop=\"video\" itemtype=\"https:\/\/schema.org\/VideoObject\"  data-original_url='https:\/\/www.youtube.com\/watch?v=aaCC4cI3soY&feature=youtu.be'><script type='text\/html' class='av-video-tmpl'><div class='avia-iframe-wrap'><iframe loading=\"lazy\" title=\"Casa Smart, la casa inteligente en Andaluc\u00eda con m\u00f3vil, Google home, Siri y Alexa. Dom\u00f3tica barata\" width=\"1500\" height=\"844\" src=\"https:\/\/www.youtube.com\/embed\/aaCC4cI3soY?feature=oembed&autoplay=0&loop=0&controls=1&mute=0\" frameborder=\"0\" allow=\"accelerometer; autoplay; clipboard-write; encrypted-media; gyroscope; picture-in-picture; web-share\" allowfullscreen><\/iframe><\/div><\/script><div class='av-click-to-play-overlay'><div class=\"avia_playpause_icon\"><\/div><\/div><\/div><br \/>\n\n<style type=\"text\/css\" data-created_by=\"avia_inline_auto\" id=\"style-css-av-8ovtw-0c2cc9e70f04bcd52f6ba69531487c02\">\n#top .av-special-heading.av-8ovtw-0c2cc9e70f04bcd52f6ba69531487c02{\npadding-bottom:10px;\nfont-size:30px;\n}\nbody .av-special-heading.av-8ovtw-0c2cc9e70f04bcd52f6ba69531487c02 .av-special-heading-tag .heading-char{\nfont-size:25px;\n}\n#top #wrap_all .av-special-heading.av-8ovtw-0c2cc9e70f04bcd52f6ba69531487c02 .av-special-heading-tag{\nfont-size:30px;\n}\n.av-special-heading.av-8ovtw-0c2cc9e70f04bcd52f6ba69531487c02 .av-subheading{\nfont-size:15px;\n}\n\n@media only screen and (min-width: 480px) and (max-width: 767px){ \n#top #wrap_all .av-special-heading.av-8ovtw-0c2cc9e70f04bcd52f6ba69531487c02 .av-special-heading-tag{\nfont-size:0.8em;\n}\n}\n\n@media only screen and (max-width: 479px){ \n#top #wrap_all .av-special-heading.av-8ovtw-0c2cc9e70f04bcd52f6ba69531487c02 .av-special-heading-tag{\nfont-size:0.8em;\n}\n}\n<\/style>\n<div  class='av-special-heading av-8ovtw-0c2cc9e70f04bcd52f6ba69531487c02 av-special-heading-h3 blockquote modern-quote modern-centered  avia-builder-el-7  el_after_av_video  avia-builder-el-last  av-inherit-size'><h3 class='av-special-heading-tag'  itemprop=\"headline\"  >Interview &#8211; Andaluc\u00eda Directo<\/h3><div class=\"special-heading-border\"><div class=\"special-heading-inner-border\"><\/div><\/div><\/div><\/p><\/div>\n\n<style type=\"text\/css\" data-created_by=\"avia_inline_auto\" id=\"style-css-av-g65i4-4-2c54acc864d43f465188a4d39bef2193\">\n.flex_column.av-g65i4-4-2c54acc864d43f465188a4d39bef2193{\n-webkit-border-radius:0px 0px 0px 0px;\n-moz-border-radius:0px 0px 0px 0px;\nborder-radius:0px 0px 0px 0px;\npadding:0px 0px 0px 0px;\n}\n<\/style>\n<div class='flex_column av-g65i4-4-2c54acc864d43f465188a4d39bef2193 av_one_fourth  avia-builder-el-8  el_after_av_one_fourth  el_before_av_one_fourth  flex_column_div av-zero-column-padding '     ><p>\n<style type=\"text\/css\" data-created_by=\"avia_inline_auto\" id=\"style-css-av-jo5zyqhp-3-2944ef07353d0bc79d3b3d6cfae01f6e\">\n.avia-video.av-jo5zyqhp-3-2944ef07353d0bc79d3b3d6cfae01f6e{\nbackground-image:url(https:\/\/www.casasmart.es\/wp-content\/uploads\/domotica-para-apartamento-benalmadena-1-300x163.png);\n}\n<\/style>\n<div  class='avia-video av-jo5zyqhp-3-2944ef07353d0bc79d3b3d6cfae01f6e avia-video-16-9 av-preview-image avia-video-load-always av-lazyload-immediate av-lazyload-video-embed'  itemprop=\"video\" itemtype=\"https:\/\/schema.org\/VideoObject\"  data-original_url='https:\/\/www.youtube.com\/watch?v=Uxy33POpMv8'><script type='text\/html' class='av-video-tmpl'><div class='avia-iframe-wrap'><iframe loading=\"lazy\" title=\"Casa smart - dom\u00f3tica inteligente para apartamento\" width=\"1500\" height=\"844\" src=\"https:\/\/www.youtube.com\/embed\/Uxy33POpMv8?feature=oembed&autoplay=0&loop=0&controls=1&mute=0\" frameborder=\"0\" allow=\"accelerometer; autoplay; clipboard-write; encrypted-media; gyroscope; picture-in-picture; web-share\" allowfullscreen><\/iframe><\/div><\/script><div class='av-click-to-play-overlay'><div class=\"avia_playpause_icon\"><\/div><\/div><\/div><br \/>\n\n<style type=\"text\/css\" data-created_by=\"avia_inline_auto\" id=\"style-css-av-kkmi2fqj-5dab4c78c042c046a7d6cca38759a959\">\n#top .av-special-heading.av-kkmi2fqj-5dab4c78c042c046a7d6cca38759a959{\npadding-bottom:10px;\nfont-size:30px;\n}\nbody .av-special-heading.av-kkmi2fqj-5dab4c78c042c046a7d6cca38759a959 .av-special-heading-tag .heading-char{\nfont-size:25px;\n}\n#top #wrap_all .av-special-heading.av-kkmi2fqj-5dab4c78c042c046a7d6cca38759a959 .av-special-heading-tag{\nfont-size:30px;\n}\n.av-special-heading.av-kkmi2fqj-5dab4c78c042c046a7d6cca38759a959 .av-subheading{\nfont-size:15px;\n}\n\n@media only screen and (min-width: 480px) and (max-width: 767px){ \n#top #wrap_all .av-special-heading.av-kkmi2fqj-5dab4c78c042c046a7d6cca38759a959 .av-special-heading-tag{\nfont-size:0.8em;\n}\n}\n\n@media only screen and (max-width: 479px){ \n#top #wrap_all .av-special-heading.av-kkmi2fqj-5dab4c78c042c046a7d6cca38759a959 .av-special-heading-tag{\nfont-size:0.8em;\n}\n}\n<\/style>\n<div  class='av-special-heading av-kkmi2fqj-5dab4c78c042c046a7d6cca38759a959 av-special-heading-h3 blockquote modern-quote modern-centered  avia-builder-el-10  el_after_av_video  avia-builder-el-last  av-inherit-size'><h3 class='av-special-heading-tag'  itemprop=\"headline\"  >Installation Intelligent apartment <\/h3><div class=\"special-heading-border\"><div class=\"special-heading-inner-border\"><\/div><\/div><\/div><\/p><\/div>\n\n<style type=\"text\/css\" data-created_by=\"avia_inline_auto\" id=\"style-css-av-mqssk-2-c892c6c5d433c24bfc78425d051b8e89\">\n.flex_column.av-mqssk-2-c892c6c5d433c24bfc78425d051b8e89{\n-webkit-border-radius:0px 0px 0px 0px;\n-moz-border-radius:0px 0px 0px 0px;\nborder-radius:0px 0px 0px 0px;\npadding:0px 0px 0px 0px;\n}\n<\/style>\n<div class='flex_column av-mqssk-2-c892c6c5d433c24bfc78425d051b8e89 av_one_fourth  avia-builder-el-11  el_after_av_one_fourth  avia-builder-el-last  flex_column_div av-zero-column-padding '     ><p>\n<style type=\"text\/css\" data-created_by=\"avia_inline_auto\" id=\"style-css-av-jno8a20c-1-9000237667358bd7c156c4487721e5b9\">\n.avia-video.av-jno8a20c-1-9000237667358bd7c156c4487721e5b9{\nbackground-image:url(https:\/\/www.casasmart.es\/wp-content\/uploads\/imagen-Casa-smart-app-300x169.png);\n}\n<\/style>\n<div  class='avia-video av-jno8a20c-1-9000237667358bd7c156c4487721e5b9 avia-video-16-9 av-preview-image avia-video-load-always av-lazyload-immediate av-lazyload-video-embed'  itemprop=\"video\" itemtype=\"https:\/\/schema.org\/VideoObject\"  data-original_url='https:\/\/www.youtube.com\/watch?v=P-ldKKlVg80'><script type='text\/html' class='av-video-tmpl'><a href=\"https:\/\/www.youtube.com\/watch?v=P-ldKKlVg80\">https:\/\/www.youtube.com\/watch?v=P-ldKKlVg80<\/a><\/script><div class='av-click-to-play-overlay'><div class=\"avia_playpause_icon\"><\/div><\/div><\/div><br \/>\n\n<style type=\"text\/css\" data-created_by=\"avia_inline_auto\" id=\"style-css-av-khaclnym-4077865e0d0f70a618377ad0ca72d9ec\">\n#top .av-special-heading.av-khaclnym-4077865e0d0f70a618377ad0ca72d9ec{\npadding-bottom:10px;\nfont-size:30px;\n}\nbody .av-special-heading.av-khaclnym-4077865e0d0f70a618377ad0ca72d9ec .av-special-heading-tag .heading-char{\nfont-size:25px;\n}\n#top #wrap_all .av-special-heading.av-khaclnym-4077865e0d0f70a618377ad0ca72d9ec .av-special-heading-tag{\nfont-size:30px;\n}\n.av-special-heading.av-khaclnym-4077865e0d0f70a618377ad0ca72d9ec .av-subheading{\nfont-size:15px;\n}\n\n@media only screen and (min-width: 480px) and (max-width: 767px){ \n#top #wrap_all .av-special-heading.av-khaclnym-4077865e0d0f70a618377ad0ca72d9ec .av-special-heading-tag{\nfont-size:0.8em;\n}\n}\n\n@media only screen and (max-width: 479px){ \n#top #wrap_all .av-special-heading.av-khaclnym-4077865e0d0f70a618377ad0ca72d9ec .av-special-heading-tag{\nfont-size:0.8em;\n}\n}\n<\/style>\n<div  class='av-special-heading av-khaclnym-4077865e0d0f70a618377ad0ca72d9ec av-special-heading-h3 blockquote modern-quote modern-centered  avia-builder-el-13  el_after_av_video  avia-builder-el-last  av-inherit-size'><h3 class='av-special-heading-tag'  itemprop=\"headline\"  >App<\/h3><div class=\"special-heading-border\"><div class=\"special-heading-inner-border\"><\/div><\/div><\/div><\/p><\/div>\n","protected":false},"excerpt":{"rendered":"","protected":false},"author":1,"featured_media":0,"parent":0,"menu_order":0,"comment_status":"closed","ping_status":"closed","template":"","meta":{"footnotes":""},"yoast_head":"<!-- This site is optimized with the Yoast SEO plugin v24.0 - https:\/\/yoast.com\/wordpress\/plugins\/seo\/ -->\n<title>Casa Smart - Multimedia introduction to smart homes<\/title>\n<meta name=\"description\" content=\"Benefits of having a smart home. Demonstration videos of the benefits of zigbee wireless smart home home automation\" \/>\n<meta name=\"robots\" content=\"index, follow, max-snippet:-1, max-image-preview:large, max-video-preview:-1\" \/>\n<link rel=\"canonical\" href=\"https:\/\/www.casasmart.es\/en\/multimedia-2\/\" \/>\n<meta property=\"og:locale\" content=\"en_US\" \/>\n<meta property=\"og:type\" content=\"article\" \/>\n<meta property=\"og:title\" content=\"Casa Smart - Multimedia introduction to smart homes\" \/>\n<meta property=\"og:description\" content=\"Benefits of having a smart home. Demonstration videos of the benefits of zigbee wireless smart home home automation\" \/>\n<meta property=\"og:url\" content=\"https:\/\/www.casasmart.es\/en\/multimedia-2\/\" \/>\n<meta property=\"og:site_name\" content=\"Casa Smart\" \/>\n<meta property=\"article:publisher\" content=\"https:\/\/www.facebook.com\/casasmart.es\/\" \/>\n<meta property=\"article:modified_time\" content=\"2024-02-26T09:32:15+00:00\" \/>\n<meta name=\"twitter:card\" content=\"summary_large_image\" \/>\n<meta name=\"twitter:label1\" content=\"Est. reading time\" \/>\n\t<meta name=\"twitter:data1\" content=\"6 minutes\" \/>\n<script type=\"application\/ld+json\" class=\"yoast-schema-graph\">{\"@context\":\"https:\/\/schema.org\",\"@graph\":[{\"@type\":\"WebPage\",\"@id\":\"https:\/\/www.casasmart.es\/en\/multimedia-2\/\",\"url\":\"https:\/\/www.casasmart.es\/en\/multimedia-2\/\",\"name\":\"Casa Smart - Multimedia introduction to smart homes\",\"isPartOf\":{\"@id\":\"https:\/\/www.casasmart.es\/#website\"},\"datePublished\":\"2018-10-25T06:59:30+00:00\",\"dateModified\":\"2024-02-26T09:32:15+00:00\",\"description\":\"Benefits of having a smart home. Demonstration videos of the benefits of zigbee wireless smart home home automation\",\"breadcrumb\":{\"@id\":\"https:\/\/www.casasmart.es\/en\/multimedia-2\/#breadcrumb\"},\"inLanguage\":\"en-US\",\"potentialAction\":[{\"@type\":\"ReadAction\",\"target\":[\"https:\/\/www.casasmart.es\/en\/multimedia-2\/\"]}]},{\"@type\":\"BreadcrumbList\",\"@id\":\"https:\/\/www.casasmart.es\/en\/multimedia-2\/#breadcrumb\",\"itemListElement\":[{\"@type\":\"ListItem\",\"position\":1,\"name\":\"Portada\",\"item\":\"https:\/\/www.casasmart.es\/en\/home\/\"},{\"@type\":\"ListItem\",\"position\":2,\"name\":\"Multimedia\"}]},{\"@type\":\"WebSite\",\"@id\":\"https:\/\/www.casasmart.es\/#website\",\"url\":\"https:\/\/www.casasmart.es\/\",\"name\":\"Casa Smart\",\"description\":\"Your smart home\",\"publisher\":{\"@id\":\"https:\/\/www.casasmart.es\/#organization\"},\"potentialAction\":[{\"@type\":\"SearchAction\",\"target\":{\"@type\":\"EntryPoint\",\"urlTemplate\":\"https:\/\/www.casasmart.es\/?s={search_term_string}\"},\"query-input\":{\"@type\":\"PropertyValueSpecification\",\"valueRequired\":true,\"valueName\":\"search_term_string\"}}],\"inLanguage\":\"en-US\"},{\"@type\":\"Organization\",\"@id\":\"https:\/\/www.casasmart.es\/#organization\",\"name\":\"Casa Smart Automation s.l.\",\"url\":\"https:\/\/www.casasmart.es\/\",\"logo\":{\"@type\":\"ImageObject\",\"inLanguage\":\"en-US\",\"@id\":\"https:\/\/www.casasmart.es\/#\/schema\/logo\/image\/\",\"url\":\"https:\/\/www.casasmart.es\/wp-content\/uploads\/2018\/10\/logo-casasmart-horizontal-solo-logo-e1563902744979.png\",\"contentUrl\":\"https:\/\/www.casasmart.es\/wp-content\/uploads\/2018\/10\/logo-casasmart-horizontal-solo-logo-e1563902744979.png\",\"width\":549,\"height\":129,\"caption\":\"Casa Smart Automation s.l.\"},\"image\":{\"@id\":\"https:\/\/www.casasmart.es\/#\/schema\/logo\/image\/\"},\"sameAs\":[\"https:\/\/www.facebook.com\/casasmart.es\/\",\"https:\/\/www.instagram.com\/casasmart.es\/\",\"https:\/\/www.linkedin.com\/company\/18858083\/admin\/updates\/\",\"https:\/\/www.pinterest.es\/casasmartautomation\/\",\"https:\/\/www.youtube.com\/channel\/UC90cMqHz5I9lcrTKr8ZzxWQ\/featured?view_as=subscriber\"]}]}<\/script>\n<!-- \/ Yoast SEO plugin. -->","yoast_head_json":{"title":"Casa Smart - Multimedia introduction to smart homes","description":"Benefits of having a smart home. Demonstration videos of the benefits of zigbee wireless smart home home automation","robots":{"index":"index","follow":"follow","max-snippet":"max-snippet:-1","max-image-preview":"max-image-preview:large","max-video-preview":"max-video-preview:-1"},"canonical":"https:\/\/www.casasmart.es\/en\/multimedia-2\/","og_locale":"en_US","og_type":"article","og_title":"Casa Smart - Multimedia introduction to smart homes","og_description":"Benefits of having a smart home. Demonstration videos of the benefits of zigbee wireless smart home home automation","og_url":"https:\/\/www.casasmart.es\/en\/multimedia-2\/","og_site_name":"Casa Smart","article_publisher":"https:\/\/www.facebook.com\/casasmart.es\/","article_modified_time":"2024-02-26T09:32:15+00:00","twitter_card":"summary_large_image","twitter_misc":{"Est. reading time":"6 minutes"},"schema":{"@context":"https:\/\/schema.org","@graph":[{"@type":"WebPage","@id":"https:\/\/www.casasmart.es\/en\/multimedia-2\/","url":"https:\/\/www.casasmart.es\/en\/multimedia-2\/","name":"Casa Smart - Multimedia introduction to smart homes","isPartOf":{"@id":"https:\/\/www.casasmart.es\/#website"},"datePublished":"2018-10-25T06:59:30+00:00","dateModified":"2024-02-26T09:32:15+00:00","description":"Benefits of having a smart home. Demonstration videos of the benefits of zigbee wireless smart home home automation","breadcrumb":{"@id":"https:\/\/www.casasmart.es\/en\/multimedia-2\/#breadcrumb"},"inLanguage":"en-US","potentialAction":[{"@type":"ReadAction","target":["https:\/\/www.casasmart.es\/en\/multimedia-2\/"]}]},{"@type":"BreadcrumbList","@id":"https:\/\/www.casasmart.es\/en\/multimedia-2\/#breadcrumb","itemListElement":[{"@type":"ListItem","position":1,"name":"Portada","item":"https:\/\/www.casasmart.es\/en\/home\/"},{"@type":"ListItem","position":2,"name":"Multimedia"}]},{"@type":"WebSite","@id":"https:\/\/www.casasmart.es\/#website","url":"https:\/\/www.casasmart.es\/","name":"Casa Smart","description":"Your smart home","publisher":{"@id":"https:\/\/www.casasmart.es\/#organization"},"potentialAction":[{"@type":"SearchAction","target":{"@type":"EntryPoint","urlTemplate":"https:\/\/www.casasmart.es\/?s={search_term_string}"},"query-input":{"@type":"PropertyValueSpecification","valueRequired":true,"valueName":"search_term_string"}}],"inLanguage":"en-US"},{"@type":"Organization","@id":"https:\/\/www.casasmart.es\/#organization","name":"Casa Smart Automation s.l.","url":"https:\/\/www.casasmart.es\/","logo":{"@type":"ImageObject","inLanguage":"en-US","@id":"https:\/\/www.casasmart.es\/#\/schema\/logo\/image\/","url":"https:\/\/www.casasmart.es\/wp-content\/uploads\/2018\/10\/logo-casasmart-horizontal-solo-logo-e1563902744979.png","contentUrl":"https:\/\/www.casasmart.es\/wp-content\/uploads\/2018\/10\/logo-casasmart-horizontal-solo-logo-e1563902744979.png","width":549,"height":129,"caption":"Casa Smart Automation s.l."},"image":{"@id":"https:\/\/www.casasmart.es\/#\/schema\/logo\/image\/"},"sameAs":["https:\/\/www.facebook.com\/casasmart.es\/","https:\/\/www.instagram.com\/casasmart.es\/","https:\/\/www.linkedin.com\/company\/18858083\/admin\/updates\/","https:\/\/www.pinterest.es\/casasmartautomation\/","https:\/\/www.youtube.com\/channel\/UC90cMqHz5I9lcrTKr8ZzxWQ\/featured?view_as=subscriber"]}]}},"_links":{"self":[{"href":"https:\/\/www.casasmart.es\/en\/wp-json\/wp\/v2\/pages\/3772"}],"collection":[{"href":"https:\/\/www.casasmart.es\/en\/wp-json\/wp\/v2\/pages"}],"about":[{"href":"https:\/\/www.casasmart.es\/en\/wp-json\/wp\/v2\/types\/page"}],"author":[{"embeddable":true,"href":"https:\/\/www.casasmart.es\/en\/wp-json\/wp\/v2\/users\/1"}],"replies":[{"embeddable":true,"href":"https:\/\/www.casasmart.es\/en\/wp-json\/wp\/v2\/comments?post=3772"}],"version-history":[{"count":0,"href":"https:\/\/www.casasmart.es\/en\/wp-json\/wp\/v2\/pages\/3772\/revisions"}],"wp:attachment":[{"href":"https:\/\/www.casasmart.es\/en\/wp-json\/wp\/v2\/media?parent=3772"}],"curies":[{"name":"wp","href":"https:\/\/api.w.org\/{rel}","templated":true}]}}